{"id":76,"date":"2013-08-04T15:45:43","date_gmt":"2013-08-04T12:45:43","guid":{"rendered":"http:\/\/www.yusuftur.com.tr\/?page_id=76"},"modified":"2013-08-04T15:45:43","modified_gmt":"2013-08-04T12:45:43","slug":"yatirim-tesvik-belgesi","status":"publish","type":"page","link":"https:\/\/www.yusuftur.com.tr\/index.php\/yatirim-tesvik-belgesi\/","title":{"rendered":"Yat\u0131r\u0131m Te\u015fvik Belgesi"},"content":{"rendered":"<p>Te\u015fvik Belgesi tasarruflar\u0131 yat\u0131r\u0131ma y\u00f6nlendirmek suretiyle, katma de\u011feri y\u00fcksek, ileri ve uygun teknolojileri kullanarak b\u00f6lgeler aras\u0131 dengesizlikleri gidermek, istihdam yaratmak ve uluslar aras\u0131 rekabet g\u00fcc\u00fc sa\u011flamak i\u00e7in yat\u0131r\u0131mlar\u0131n devlet taraf\u0131ndan desteklenmesi amac\u0131yla verilen bir belgedir.<\/p>\n<p>Yat\u0131r\u0131m Te\u015fvik Belgesi almak ve devlet yard\u0131mlar\u0131ndan yararlanmak en tabii hakk\u0131n\u0131zd\u0131r. Bu haklardan yararlanmak i\u00e7in, bilgi tecr\u00fcbe, teknik altyap\u0131ya sahip b\u00fcromuz 1993 den beri tecr\u00fcbesi ve profesyonel kadrosu ile hizmet vermektedir.<\/p>\n<p>Yat\u0131r\u0131m Te\u015fvik Belgesi al\u0131nmas\u0131 Devlet taraf\u0131ndan, yat\u0131r\u0131mc\u0131ya kredi verilece\u011fi anlam\u0131na gelmez. Hazine M\u00fcste\u015farl\u0131\u011f\u0131 taraf\u0131ndan Te\u015fvik Belgesi verilmesi, yat\u0131r\u0131m\u0131 yapan \u015firkete a\u015fa\u011f\u0131da detayland\u0131raca\u011f\u0131m\u0131z hususlarda avantajlar sa\u011flar. KOB\u0130 Yat\u0131r\u0131m Te\u015fvik belgesi ve Ara\u015ft\u0131rma-geli\u015ftirme yat\u0131r\u0131mlar\u0131, teknopark ve teknoparklarda yap\u0131lacak yat\u0131r\u0131mlar, \u00e7evre korumaya y\u00f6nelik yat\u0131r\u0131mlar, hammaddelerini s\u00f6zle\u015fmeli \u00fcretim modeli ile temin eden tar\u0131msal sanayi yat\u0131r\u0131mlar\u0131, Bilim Teknoloji Y\u00fcksek Kurulu veya T\u00fcrkiye Bilimsel ve Teknik Ara\u015ft\u0131rma kurumu taraf\u0131ndan belirlenen \u00f6ncelikli teknoloji alan\u0131ndaki yat\u0131r\u0131mlar, B\u00f6lgesel geli\u015fmeye y\u00f6nelik yat\u0131r\u0131mlar, organize sanayi b\u00f6lgeleri ve k\u00fc\u00e7\u00fck sanayi sitelerinden olu\u015fan organize k\u00fc\u00e7\u00fck sanayi b\u00f6lgelerine ta\u015f\u0131nacak yat\u0131r\u0131mlar hari\u00e7,(Fon Kaynakl\u0131 Kredi olana\u011f\u0131 mevcuttur.) Te\u015fvik Belgesi firmaya nakit verilmesi anlam\u0131na gelmemektedir. Ancak yat\u0131r\u0131mc\u0131n\u0131n kasas\u0131ndan b\u00fcy\u00fck miktarlarda nakit para \u00e7\u0131kmas\u0131n\u0131 \u00f6nleyen tedbirlerden olu\u015fur. Yat\u0131r\u0131m yapan ve yapt\u0131\u011f\u0131 yat\u0131r\u0131mlar\u0131n karakteristi\u011fi Yat\u0131r\u0131m Te\u015fvik Mevzuat\u0131\u00a0 na uygun olan her yat\u0131r\u0131mc\u0131n\u0131n yat\u0131r\u0131m te\u015fvik belgesi alarak devlet yard\u0131mlar\u0131ndan faydalanmas\u0131 en do\u011fal hakk\u0131d\u0131r. Te\u015fvik Belgesi sahibi olarak yap\u0131lacak yat\u0131r\u0131mda hem ulusal hem uluslar aras\u0131 pazarlarda rekabet edebilme g\u00fcc\u00fc y\u00fckseltilmi\u015f olacakt\u0131r.<\/p>\n<p><strong>TE\u015eV\u0130K BELGES\u0130 KULLANIMINDA D\u0130KKAT ED\u0130LECEK HUSUSLAR<\/strong><\/p>\n<p>1.\u00a0\u00a0\u00a0\u00a0 Nas\u0131l Kullan\u0131l\u0131r: Yerli ve ithal Makine Te\u00e7hizat al\u0131mlar\u0131n\u0131zda, yerli firma veya G\u00fcmr\u00fck idareleri makine listelerinize gerekli bilgiyi yaz\u0131p onaylamalar\u0131 ile G\u00fcmr\u00fck Vergisi, KDV ve Fon \u00f6demeden Yerli ve \u0130thal makine alabilirsiniz.<\/p>\n<p>2.\u00a0\u00a0\u00a0\u00a0 Ger\u00e7ekle\u015fme Bilgisi: Belge kapsam\u0131nda yap\u0131lan yat\u0131r\u0131mlar\u0131n ger\u00e7ekle\u015fme durumlar\u0131, her y\u0131l\u0131n Ocak ve Temmuz aylar\u0131nda Hazine M\u00fcste\u015farl\u0131\u011f\u0131&#8217;na bildirilir.<\/p>\n<p>3.\u00a0\u00a0\u00a0\u00a0 Faiz Deste\u011fi:Te\u015fvik belgeli yat\u0131r\u0131m\u0131n\u0131z\u0131 ger\u00e7ekle\u015ftirmek maksad\u0131yla bir y\u0131ldan daha uzun s\u00fcreli alaca\u011f\u0131n\u0131z<\/p>\n<p>3 nc\u00fc b\u00f6lgelerdeTL kredilerinde 3 puan, D\u00f6viz kredilerinde 1 puan,<\/p>\n<p>4 nc\u00fc b\u00f6lgelerdeTL kredilerinde 5 puan, D\u00f6viz kredilerinde 2 puan,<\/p>\n<p>Faiz deste\u011fi uygulanacakt\u0131r.<\/p>\n<p>4.\u00a0\u00a0\u00a0\u00a0 De\u011fi\u015fiklikler: \u0130htiyac\u0131n\u0131z olan makineleri belgenize sonradan ekleyebilir ve de\u011fi\u015fiklik yapabilirsiniz.<\/p>\n<p>5.\u00a0\u00a0\u00a0\u00a0 Makine Al\u0131mlar\u0131: Makinelerinizi, proforma fatura ald\u0131\u011f\u0131n\u0131z firmalardan almak zorunda de\u011filsiniz. \u0130stedi\u011finiz firmadan istedi\u011finiz markay\u0131, g\u00fcn\u00fcn ger\u00e7ek fiyatlar\u0131 ile \u0130thalde (+) \/ (-) %50, Yerli al\u0131mlarda (+) \/ (-) %30 de\u011ferleri i\u00e7inde listede de\u011fi\u015fiklik yap\u0131lmaks\u0131z\u0131n sat\u0131n alabilirsiniz.<\/p>\n<p>6.\u00a0\u00a0\u00a0\u00a0 Harcama belgeleri:Te\u015fvik belgesi ba\u015fvurusundan \u00f6nce\u00a0 ve s\u00fcre bitiminden sonra ald\u0131\u011f\u0131n\u0131z harcama faturalar\u0131 Te\u015fviklerden yararlanmaz.<\/p>\n<p>7.\u00a0\u00a0\u00a0\u00a0 Tamamlama Vizesi:Yat\u0131r\u0131m Te\u015fvik Belgesi kapsam\u0131nda yat\u0131r\u0131m\u0131n\u0131z\u0131 tamamlad\u0131ktan sonra belgenin kapat\u0131lmas\u0131 &#8220;Tamamlama Vizesi&#8221; zorunludur. Fatura ve di\u011fer belgelerinizi ayr\u0131 bir klas\u00f6rde saklay\u0131n\u0131z. Tamamlama vizesinin yap\u0131lamamas\u0131, ald\u0131\u011f\u0131n\u0131z devlet yard\u0131mlar\u0131n\u0131 cezalar\u0131 ile birlikte geri \u00f6demenize sebep olacakt\u0131r.<\/p>\n<p>8.\u00a0\u00a0\u00a0\u00a0 S\u00fcreler:Yat\u0131r\u0131m Te\u015fvik Belgenizin s\u00fcresi i\u00e7inde yat\u0131r\u0131ma ba\u015flanm\u0131\u015f ise ek s\u00fcre al\u0131nabilir. Ek s\u00fcre, belgede yaz\u0131l\u0131 orijinal s\u00fcrenin yar\u0131s\u0131 kadard\u0131r.<\/p>\n<p>9.\u00a0\u00a0\u00a0 Asgari Yat\u0131r\u0131m S\u0131n\u0131r\u0131: Belge \u00e7\u0131karma s\u0131ras\u0131nda talep etti\u011finiz makinelerin tamam\u0131n\u0131 almak zorunda\u00a0de\u011filsiniz. Kurulacak tesiste yat\u0131r\u0131m\u0131n b\u00fct\u00fcnl\u00fc\u011f\u00fcn\u00fcn sa\u011flanmas\u0131, mamul imalat\u0131n\u0131n\u00a0ger\u00e7ekle\u015febilmesi, asgari yat\u0131r\u0131m tutar\u0131n\u0131z\u0131n; y\u0131llara g\u00f6re belirlenen s\u0131n\u0131r\u0131 a\u015fmas\u0131 gerekmektedir.<\/p>\n","protected":false},"excerpt":{"rendered":"<p>Te\u015fvik Belgesi tasarruflar\u0131 yat\u0131r\u0131ma y\u00f6nlendirmek suretiyle, katma de\u011feri y\u00fcksek, ileri ve uygun teknolojileri kullanarak b\u00f6lgeler aras\u0131 dengesizlikleri gidermek, istihdam yaratmak ve uluslar aras\u0131 rekabet g\u00fcc\u00fc sa\u011flamak i\u00e7in yat\u0131r\u0131mlar\u0131n devlet taraf\u0131ndan desteklenmesi amac\u0131yla verilen bir belgedir. Yat\u0131r\u0131m Te\u015fvik Belgesi almak ve devlet yard\u0131mlar\u0131ndan yararlanmak en tabii hakk\u0131n\u0131zd\u0131r. Bu haklardan yararlanmak i\u00e7in, bilgi tecr\u00fcbe, teknik altyap\u0131ya sahip b\u00fcromuz 1993 den beri tecr\u00fcbesi ve profesyonel kadrosu ile hizmet vermektedir. Yat\u0131r\u0131m Te\u015fvik Belgesi al\u0131nmas\u0131 Devlet taraf\u0131ndan, yat\u0131r\u0131mc\u0131ya kredi verilece\u011fi anlam\u0131na gelmez. Hazine M\u00fcste\u015farl\u0131\u011f\u0131 taraf\u0131ndan Te\u015fvik Belgesi verilmesi, yat\u0131r\u0131m\u0131 yapan \u015firkete a\u015fa\u011f\u0131da detayland\u0131raca\u011f\u0131m\u0131z hususlarda avantajlar sa\u011flar. KOB\u0130 Yat\u0131r\u0131m Te\u015fvik belgesi ve Ara\u015ft\u0131rma-geli\u015ftirme yat\u0131r\u0131mlar\u0131, teknopark ve teknoparklarda yap\u0131lacak yat\u0131r\u0131mlar, \u00e7evre korumaya y\u00f6nelik yat\u0131r\u0131mlar, hammaddelerini s\u00f6zle\u015fmeli \u00fcretim modeli ile temin eden tar\u0131msal sanayi yat\u0131r\u0131mlar\u0131, Bilim Teknoloji Y\u00fcksek Kurulu veya T\u00fcrkiye Bilimsel ve Teknik Ara\u015ft\u0131rma kurumu taraf\u0131ndan belirlenen \u00f6ncelikli teknoloji alan\u0131ndaki yat\u0131r\u0131mlar, B\u00f6lgesel geli\u015fmeye y\u00f6nelik yat\u0131r\u0131mlar, organize sanayi b\u00f6lgeleri ve k\u00fc\u00e7\u00fck sanayi sitelerinden olu\u015fan organize k\u00fc\u00e7\u00fck sanayi b\u00f6lgelerine ta\u015f\u0131nacak yat\u0131r\u0131mlar hari\u00e7,(Fon Kaynakl\u0131 Kredi olana\u011f\u0131 mevcuttur.) Te\u015fvik Belgesi firmaya nakit verilmesi anlam\u0131na gelmemektedir. Ancak yat\u0131r\u0131mc\u0131n\u0131n kasas\u0131ndan b\u00fcy\u00fck miktarlarda nakit para \u00e7\u0131kmas\u0131n\u0131 \u00f6nleyen tedbirlerden olu\u015fur. Yat\u0131r\u0131m yapan ve yapt\u0131\u011f\u0131 yat\u0131r\u0131mlar\u0131n karakteristi\u011fi Yat\u0131r\u0131m Te\u015fvik Mevzuat\u0131\u00a0 na uygun olan her yat\u0131r\u0131mc\u0131n\u0131n yat\u0131r\u0131m te\u015fvik belgesi alarak devlet yard\u0131mlar\u0131ndan faydalanmas\u0131 en do\u011fal hakk\u0131d\u0131r. Te\u015fvik Belgesi sahibi olarak yap\u0131lacak yat\u0131r\u0131mda hem ulusal hem uluslar aras\u0131 pazarlarda rekabet edebilme g\u00fcc\u00fc y\u00fckseltilmi\u015f olacakt\u0131r. TE\u015eV\u0130K BELGES\u0130 KULLANIMINDA D\u0130KKAT ED\u0130LECEK HUSUSLAR 1.\u00a0\u00a0\u00a0\u00a0 Nas\u0131l Kullan\u0131l\u0131r: Yerli ve ithal Makine Te\u00e7hizat al\u0131mlar\u0131n\u0131zda, yerli firma veya G\u00fcmr\u00fck idareleri makine listelerinize gerekli bilgiyi yaz\u0131p onaylamalar\u0131 ile G\u00fcmr\u00fck Vergisi, KDV ve Fon \u00f6demeden Yerli ve \u0130thal makine alabilirsiniz. 2.\u00a0\u00a0\u00a0\u00a0 Ger\u00e7ekle\u015fme Bilgisi: Belge kapsam\u0131nda yap\u0131lan yat\u0131r\u0131mlar\u0131n ger\u00e7ekle\u015fme durumlar\u0131, her y\u0131l\u0131n Ocak ve Temmuz aylar\u0131nda Hazine M\u00fcste\u015farl\u0131\u011f\u0131&#8217;na bildirilir. 3.\u00a0\u00a0\u00a0\u00a0 Faiz Deste\u011fi:Te\u015fvik belgeli yat\u0131r\u0131m\u0131n\u0131z\u0131 ger\u00e7ekle\u015ftirmek maksad\u0131yla bir y\u0131ldan daha uzun s\u00fcreli alaca\u011f\u0131n\u0131z 3 nc\u00fc b\u00f6lgelerdeTL kredilerinde 3 puan, D\u00f6viz kredilerinde 1 puan, 4 nc\u00fc b\u00f6lgelerdeTL kredilerinde 5 puan, D\u00f6viz kredilerinde 2 puan, Faiz deste\u011fi uygulanacakt\u0131r. 4.\u00a0\u00a0\u00a0\u00a0 De\u011fi\u015fiklikler: \u0130htiyac\u0131n\u0131z olan makineleri belgenize sonradan ekleyebilir ve de\u011fi\u015fiklik yapabilirsiniz. 5.\u00a0\u00a0\u00a0\u00a0 Makine Al\u0131mlar\u0131: Makinelerinizi, proforma fatura ald\u0131\u011f\u0131n\u0131z firmalardan almak zorunda de\u011filsiniz. \u0130stedi\u011finiz firmadan istedi\u011finiz markay\u0131, g\u00fcn\u00fcn ger\u00e7ek fiyatlar\u0131 ile \u0130thalde (+) \/ (-) %50, Yerli al\u0131mlarda (+) \/ (-) %30 de\u011ferleri i\u00e7inde listede de\u011fi\u015fiklik yap\u0131lmaks\u0131z\u0131n sat\u0131n alabilirsiniz. 6.\u00a0\u00a0\u00a0\u00a0 Harcama belgeleri:Te\u015fvik belgesi ba\u015fvurusundan \u00f6nce\u00a0 ve s\u00fcre bitiminden sonra ald\u0131\u011f\u0131n\u0131z harcama faturalar\u0131 Te\u015fviklerden yararlanmaz. 7.\u00a0\u00a0\u00a0\u00a0 Tamamlama Vizesi:Yat\u0131r\u0131m Te\u015fvik Belgesi kapsam\u0131nda yat\u0131r\u0131m\u0131n\u0131z\u0131 tamamlad\u0131ktan sonra belgenin kapat\u0131lmas\u0131 &#8220;Tamamlama Vizesi&#8221; zorunludur. Fatura ve di\u011fer belgelerinizi ayr\u0131 bir klas\u00f6rde saklay\u0131n\u0131z. Tamamlama vizesinin yap\u0131lamamas\u0131, ald\u0131\u011f\u0131n\u0131z devlet yard\u0131mlar\u0131n\u0131 cezalar\u0131 ile birlikte geri \u00f6demenize sebep olacakt\u0131r. 8.\u00a0\u00a0\u00a0\u00a0 S\u00fcreler:Yat\u0131r\u0131m Te\u015fvik Belgenizin s\u00fcresi i\u00e7inde yat\u0131r\u0131ma ba\u015flanm\u0131\u015f ise ek s\u00fcre al\u0131nabilir. Ek s\u00fcre, belgede yaz\u0131l\u0131 orijinal s\u00fcrenin yar\u0131s\u0131 kadard\u0131r. 9.\u00a0\u00a0\u00a0 Asgari Yat\u0131r\u0131m S\u0131n\u0131r\u0131: Belge \u00e7\u0131karma s\u0131ras\u0131nda talep etti\u011finiz makinelerin tamam\u0131n\u0131 almak zorunda\u00a0de\u011filsiniz. Kurulacak tesiste yat\u0131r\u0131m\u0131n b\u00fct\u00fcnl\u00fc\u011f\u00fcn\u00fcn sa\u011flanmas\u0131, mamul imalat\u0131n\u0131n\u00a0ger\u00e7ekle\u015febilmesi, asgari yat\u0131r\u0131m tutar\u0131n\u0131z\u0131n; y\u0131llara g\u00f6re belirlenen s\u0131n\u0131r\u0131 a\u015fmas\u0131 gerekmektedir.<\/p>\n","protected":false},"author":1,"featured_media":0,"parent":0,"menu_order":0,"comment_status":"open","ping_status":"open","template":"","meta":{"ngg_post_thumbnail":0,"_kad_post_transparent":"","_kad_post_title":"","_kad_post_layout":"","_kad_post_sidebar_id":"","_kad_post_content_style":"","_kad_post_vertical_padding":"","_kad_post_feature":"","_kad_post_feature_position":"","_kad_post_header":false,"_kad_post_footer":false,"_kad_post_classname":"","footnotes":""},"class_list":["post-76","page","type-page","status-publish","hentry"],"_links":{"self":[{"href":"https:\/\/www.yusuftur.com.tr\/index.php\/wp-json\/wp\/v2\/pages\/76","targetHints":{"allow":["GET"]}}],"collection":[{"href":"https:\/\/www.yusuftur.com.tr\/index.php\/wp-json\/wp\/v2\/pages"}],"about":[{"href":"https:\/\/www.yusuftur.com.tr\/index.php\/wp-json\/wp\/v2\/types\/page"}],"author":[{"embeddable":true,"href":"https:\/\/www.yusuftur.com.tr\/index.php\/wp-json\/wp\/v2\/users\/1"}],"replies":[{"embeddable":true,"href":"https:\/\/www.yusuftur.com.tr\/index.php\/wp-json\/wp\/v2\/comments?post=76"}],"version-history":[{"count":2,"href":"https:\/\/www.yusuftur.com.tr\/index.php\/wp-json\/wp\/v2\/pages\/76\/revisions"}],"predecessor-version":[{"id":78,"href":"https:\/\/www.yusuftur.com.tr\/index.php\/wp-json\/wp\/v2\/pages\/76\/revisions\/78"}],"wp:attachment":[{"href":"https:\/\/www.yusuftur.com.tr\/index.php\/wp-json\/wp\/v2\/media?parent=76"}],"curies":[{"name":"wp","href":"https:\/\/api.w.org\/{rel}","templated":true}]}}