{"id":66,"date":"2013-08-04T15:39:53","date_gmt":"2013-08-04T12:39:53","guid":{"rendered":"http:\/\/www.yusuftur.com.tr\/?page_id=66"},"modified":"2013-08-04T15:39:53","modified_gmt":"2013-08-04T12:39:53","slug":"muhasebe-2","status":"publish","type":"page","link":"https:\/\/www.yusuftur.com.tr\/index.php\/muhasebe-2\/","title":{"rendered":"Muhasebe"},"content":{"rendered":"<p><strong>1. GER\u00c7EK VE T\u00dcZEL K\u0130\u015e\u0130LERE A\u0130T TE\u015eEBB\u00dcS VE \u0130\u015eLETMELER\u0130N<\/strong><\/p>\n<p>Genel kabul g\u00f6rm\u00fc\u015f muhasebe prensipleri ve ilgili mevzuat h\u00fck\u00fcmleri gere\u011fince, defterlerini tutmak, bilan\u00e7o, kar-zarar tablosu ve beyannameleri ile di\u011fer belgelerini d\u00fczenlemek ve benzeri i\u015fleri yapmak.<\/p>\n<p><strong>2. YILLIK GEL\u0130R VERG\u0130S\u0130 BEYANNAMES\u0130<\/strong><\/p>\n<p><strong>A.<\/strong>\u00a0M\u00fcnhas\u0131ran Ticari Kazan\u00e7, Serbest Meslek Kazanc\u0131 ile Ticari Kazan\u00e7 ve Serbest Meslek Kazanc\u0131 ile Di\u011fer Gelir Unsurlar\u0131n\u0131n Bildirimleri<\/p>\n<p><strong>B.<\/strong>\u00a0M\u00fcnhas\u0131ran Menkul Sermaye ile Sair Kazan\u00e7 ve \u0130rat Bildirimleri<\/p>\n<p><strong>C.<\/strong>\u00a0M\u00fcnhas\u0131ran Gayrimenkul Sermaye \u0130rad\u0131 ile Zirai Bildirimleri<\/p>\n<p><strong>3. KURUMLAR VERG\u0130S\u0130 BEYANNAMES\u0130<\/strong><\/p>\n<p><strong>4. D\u0130\u011eER BEYANNAMELER<\/strong><\/p>\n<p><strong>A.\u00a0<\/strong>KDV, Muhtasar ve Veraset ve \u0130ntikal<\/p>\n<p><strong>B.\u00a0<\/strong>Banka Hesap Vaziyeti, SGK (\u00d6zel \u0130n\u015faat-Ayl\u0131k), Di\u011fer<\/p>\n<p><strong>Beyan ve Bildirimler<\/strong><\/p>\n<ul>\n<li>Ayl\u0131k KDV E-Beyannameleri<\/li>\n<li>3 Ayl\u0131k Muhtasar E-Beyannameleri<\/li>\n<li>Ge\u00e7ici E-Beyannameler<\/li>\n<li>Y\u0131ll\u0131k E-Beyannameler<\/li>\n<\/ul>\n","protected":false},"excerpt":{"rendered":"<p>1. GER\u00c7EK VE T\u00dcZEL K\u0130\u015e\u0130LERE A\u0130T TE\u015eEBB\u00dcS VE \u0130\u015eLETMELER\u0130N Genel kabul g\u00f6rm\u00fc\u015f muhasebe prensipleri ve ilgili mevzuat h\u00fck\u00fcmleri gere\u011fince, defterlerini tutmak, bilan\u00e7o, kar-zarar tablosu ve beyannameleri ile di\u011fer belgelerini d\u00fczenlemek ve benzeri i\u015fleri yapmak. 2. YILLIK GEL\u0130R VERG\u0130S\u0130 BEYANNAMES\u0130 A.\u00a0M\u00fcnhas\u0131ran Ticari Kazan\u00e7, Serbest Meslek Kazanc\u0131 ile Ticari Kazan\u00e7 ve Serbest Meslek Kazanc\u0131 ile Di\u011fer Gelir Unsurlar\u0131n\u0131n Bildirimleri B.\u00a0M\u00fcnhas\u0131ran Menkul Sermaye ile Sair Kazan\u00e7 ve \u0130rat Bildirimleri C.\u00a0M\u00fcnhas\u0131ran Gayrimenkul Sermaye \u0130rad\u0131 ile Zirai Bildirimleri 3. KURUMLAR VERG\u0130S\u0130 BEYANNAMES\u0130 4. D\u0130\u011eER BEYANNAMELER A.\u00a0KDV, Muhtasar ve Veraset ve \u0130ntikal B.\u00a0Banka Hesap Vaziyeti, SGK (\u00d6zel \u0130n\u015faat-Ayl\u0131k), Di\u011fer Beyan ve Bildirimler Ayl\u0131k KDV E-Beyannameleri 3 Ayl\u0131k Muhtasar E-Beyannameleri Ge\u00e7ici E-Beyannameler Y\u0131ll\u0131k E-Beyannameler<\/p>\n","protected":false},"author":1,"featured_media":0,"parent":0,"menu_order":0,"comment_status":"open","ping_status":"open","template":"","meta":{"ngg_post_thumbnail":0,"_kad_post_transparent":"","_kad_post_title":"","_kad_post_layout":"","_kad_post_sidebar_id":"","_kad_post_content_style":"","_kad_post_vertical_padding":"","_kad_post_feature":"","_kad_post_feature_position":"","_kad_post_header":false,"_kad_post_footer":false,"_kad_post_classname":"","footnotes":""},"class_list":["post-66","page","type-page","status-publish","hentry"],"_links":{"self":[{"href":"https:\/\/www.yusuftur.com.tr\/index.php\/wp-json\/wp\/v2\/pages\/66","targetHints":{"allow":["GET"]}}],"collection":[{"href":"https:\/\/www.yusuftur.com.tr\/index.php\/wp-json\/wp\/v2\/pages"}],"about":[{"href":"https:\/\/www.yusuftur.com.tr\/index.php\/wp-json\/wp\/v2\/types\/page"}],"author":[{"embeddable":true,"href":"https:\/\/www.yusuftur.com.tr\/index.php\/wp-json\/wp\/v2\/users\/1"}],"replies":[{"embeddable":true,"href":"https:\/\/www.yusuftur.com.tr\/index.php\/wp-json\/wp\/v2\/comments?post=66"}],"version-history":[{"count":1,"href":"https:\/\/www.yusuftur.com.tr\/index.php\/wp-json\/wp\/v2\/pages\/66\/revisions"}],"predecessor-version":[{"id":67,"href":"https:\/\/www.yusuftur.com.tr\/index.php\/wp-json\/wp\/v2\/pages\/66\/revisions\/67"}],"wp:attachment":[{"href":"https:\/\/www.yusuftur.com.tr\/index.php\/wp-json\/wp\/v2\/media?parent=66"}],"curies":[{"name":"wp","href":"https:\/\/api.w.org\/{rel}","templated":true}]}}