{"id":281,"date":"2014-09-10T17:24:11","date_gmt":"2014-09-10T14:24:11","guid":{"rendered":"http:\/\/www.yusuftur.com.tr\/?page_id=281"},"modified":"2026-03-18T15:45:56","modified_gmt":"2026-03-18T12:45:56","slug":"mali-takvim","status":"publish","type":"page","link":"https:\/\/www.yusuftur.com.tr\/index.php\/mali-takvim\/","title":{"rendered":"Mali Takvim"},"content":{"rendered":"<div class=\"post-header\">\n<div class=\"con\">\n<div class=\"summary-bg\">\n<div class=\"ortala\">\n<div class=\"post-title\">\n<h1 class=\"title\">MART 2026 VERG\u0130 TAKV\u0130M\u0130<\/h1>\n<\/div>\n<div class=\"post-summary\">Mart ay\u0131nda yerine getirilmesi gereken vergisel m\u00fckellefiyetlerin listesine a\u015fa\u011f\u0131daki tablo \u00fczerinden eri\u015febilirsiniz.<\/div>\n<\/div>\n<\/div>\n<\/div>\n<\/div>\n<div class=\"ortala\">\n<article class=\"post-text text-style\">\n<table id=\"dataTable\" class=\"display stripe dataTable no-footer\" role=\"grid\">\n<thead>\n<tr role=\"row\">\n<th class=\"sorting sorting_asc\" tabindex=\"0\" colspan=\"1\" rowspan=\"1\" aria-controls=\"dataTable\" aria-sort=\"ascending\" aria-label=\"\u0130lk Tarih: activate to sort column descending\">\u0130lk Tarih<\/th>\n<th class=\"sorting\" tabindex=\"0\" colspan=\"1\" rowspan=\"1\" aria-controls=\"dataTable\" aria-label=\"Son Tarih: activate to sort column ascending\">Son Tarih<\/th>\n<th class=\"sorting\" tabindex=\"0\" colspan=\"1\" rowspan=\"1\" aria-controls=\"dataTable\" aria-label=\"Vergiler\/Har\u00e7lar: activate to sort column ascending\">Vergiler\/Har\u00e7lar<\/th>\n<\/tr>\n<\/thead>\n<tbody>\n<tr class=\"odd\">\n<td class=\"sorting_1\">01\/01\/2026<\/td>\n<td>02\/03\/2026<\/td>\n<td>2026 Y\u0131l\u0131 De\u011ferli Konut Vergisinin 1. Taksit \u00d6demesi<\/td>\n<\/tr>\n<tr class=\"even\">\n<td class=\"sorting_1\">01\/02\/2026<\/td>\n<td>02\/03\/2026<\/td>\n<td>Ocak 2026 D\u00f6nemine Ait Katma De\u011fer Vergisinin Beyan\u0131 ve \u00d6demesi<\/td>\n<\/tr>\n<tr class=\"odd\">\n<td class=\"sorting_1\">01\/02\/2026<\/td>\n<td>02\/03\/2026<\/td>\n<td>Ocak 2026 D\u00f6nemine Ait Kurumlar Vergisi M\u00fckellefleri \u0130\u00e7in Turizm Pay\u0131n\u0131n Beyan\u0131 ve \u00d6demesi<\/td>\n<\/tr>\n<tr class=\"even\">\n<td class=\"sorting_1\">01\/02\/2026<\/td>\n<td>02\/03\/2026<\/td>\n<td>Ocak 2026 D\u00f6nemine Ait Haberle\u015fme Vergisinin Beyan\u0131 ve \u00d6demesi<\/td>\n<\/tr>\n<tr class=\"odd\">\n<td class=\"sorting_1\">01\/02\/2026<\/td>\n<td>02\/03\/2026<\/td>\n<td>Ocak 2026 D\u00f6nemine Ait Dijital Hizmet Vergisinin Beyan\u0131 ve \u00d6demesi<\/td>\n<\/tr>\n<tr class=\"even\">\n<td class=\"sorting_1\">01\/02\/2026<\/td>\n<td>02\/03\/2026<\/td>\n<td>Ocak 2026 D\u00f6nemine Ait 464 S\u0131ra No.lu VUKGT Kapsam\u0131nda Bildirimde Bulunma Zorunlulu\u011fu Getirilen Arac\u0131 Hizmet Sa\u011flay\u0131c\u0131lar\u0131, \u0130nternet Reklamc\u0131l\u0131\u011f\u0131 Hizmet Arac\u0131lar\u0131 ile Kargo ve Lojistik \u0130\u015fletmeleri Taraf\u0131ndan Bildirim Verilmesi<\/td>\n<\/tr>\n<tr class=\"odd\">\n<td class=\"sorting_1\">01\/02\/2026<\/td>\n<td>02\/03\/2026<\/td>\n<td>Ocak 2026 D\u00f6nemine Ait 538 S\u0131ra No.lu VUKGT Kapsam\u0131nda Ta\u015f\u0131nmaz (Sat\u0131\u015f\/Kiralama) ve Motorlu Ta\u015f\u0131t (Sat\u0131\u015f) \u0130lanlar\u0131n\u0131 Platformlar\u0131 \u00dczerinden Yay\u0131mlayanlar ile G\u00fcn\u00fcbirlik Konut Kiralama \u0130\u015fini Platformlar\u0131 \u00dczerinden Sa\u011flayanlarca Bildirim Verilmesi<\/td>\n<\/tr>\n<tr class=\"even\">\n<td class=\"sorting_1\">01\/02\/2026<\/td>\n<td>02\/03\/2026<\/td>\n<td>7440 Say\u0131l\u0131 Kanun Uyar\u0131nca \u00d6denmesi Gereken 33. Taksit \u00d6demesi<\/td>\n<\/tr>\n<tr class=\"odd\">\n<td class=\"sorting_1\">01\/03\/2026<\/td>\n<td>26\/03\/2026<\/td>\n<td>\u015eubat 2026 D\u00f6nemine Ait GVK 94. Madde ile KVK 15. ve 30. Maddelerine G\u00f6re Yap\u0131lan Tevkifatlar\u0131n Muhtasar ve Prim Hizmet Beyannamesi ile Beyan\u0131 ve \u00d6demesi<\/td>\n<\/tr>\n<tr class=\"even\">\n<td class=\"sorting_1\">01\/03\/2026<\/td>\n<td>10\/03\/2026<\/td>\n<td>16-28 \u015eubat 2026 D\u00f6nemine Ait Petrol ve Do\u011falgaz \u00dcr\u00fcnlerine \u0130li\u015fkin \u00d6zel T\u00fcketim Vergisinin Beyan\u0131 ve \u00d6demesi<\/td>\n<\/tr>\n<tr class=\"odd\">\n<td class=\"sorting_1\">01\/03\/2026<\/td>\n<td>16\/03\/2026<\/td>\n<td>\u015eubat 2026 D\u00f6nemine Ait Alkoll\u00fc \u0130\u00e7ecekler, Alkols\u00fcz \u0130\u00e7ecekler, T\u00fct\u00fcn Mamulleri ve Makaronlara \u0130li\u015fkin \u00d6zel T\u00fcketim Vergisinin Beyan\u0131 ve \u00d6demesi<\/td>\n<\/tr>\n<tr class=\"even\">\n<td class=\"sorting_1\">01\/03\/2026<\/td>\n<td>16\/03\/2026<\/td>\n<td>\u015eubat 2026 D\u00f6nemine Ait Dayan\u0131kl\u0131 T\u00fcketim ve Di\u011fer Mallara \u0130li\u015fkin \u00d6zel T\u00fcketim Vergisinin Beyan\u0131 ve \u00d6demesi<\/td>\n<\/tr>\n<tr class=\"odd\">\n<td class=\"sorting_1\">01\/03\/2026<\/td>\n<td>16\/03\/2026<\/td>\n<td>\u015eubat 2026 D\u00f6nemine Ait Motorlu Ta\u015f\u0131t Ara\u00e7lar\u0131na \u0130li\u015fkin \u00d6zel T\u00fcketim Vergisinin (Tescile Tabi Olmayanlar) Beyan\u0131 ve \u00d6demesi<\/td>\n<\/tr>\n<tr class=\"even\">\n<td class=\"sorting_1\">01\/03\/2026<\/td>\n<td>16\/03\/2026<\/td>\n<td>\u015eubat 2026 D\u00f6nemine Ait \u00d6zel \u0130leti\u015fim Vergisinin Beyan\u0131 ve \u00d6demesi<\/td>\n<\/tr>\n<tr class=\"odd\">\n<td class=\"sorting_1\">01\/03\/2026<\/td>\n<td>16\/03\/2026<\/td>\n<td>\u015eubat 2026 D\u00f6nemine Ait Banka ve Sigorta Muameleleri Vergisinin Beyan\u0131 ve \u00d6demesi<\/td>\n<\/tr>\n<tr class=\"even\">\n<td class=\"sorting_1\">01\/03\/2026<\/td>\n<td>16\/03\/2026<\/td>\n<td>\u015eubat 2026 D\u00f6nemine Ait Kaynak Kullan\u0131m\u0131n\u0131 Destekleme Fonu Kesintisi Bildirimi ve \u00d6demesi<\/td>\n<\/tr>\n<tr class=\"odd\">\n<td class=\"sorting_1\">01\/03\/2026<\/td>\n<td>16\/03\/2026<\/td>\n<td>\u015eubat 2026 D\u00f6nemine Ait Ticaret Sicili Har\u00e7lar\u0131 Bildirimi Verilmesi ve \u00d6demesi<\/td>\n<\/tr>\n<tr class=\"even\">\n<td class=\"sorting_1\">01\/03\/2026<\/td>\n<td>23\/03\/2026<\/td>\n<td>\u015eubat 2026 D\u00f6nemine Ait Elektrik ve Havagaz\u0131 T\u00fcketim Vergisinin Beyan\u0131 ve \u00d6demesi<\/td>\n<\/tr>\n<tr class=\"odd\">\n<td class=\"sorting_1\">01\/03\/2026<\/td>\n<td>23\/03\/2026<\/td>\n<td>\u015eubat 2026 D\u00f6nemine Ait Yang\u0131n Sigortas\u0131 Vergisinin Beyan\u0131 ve \u00d6demesi<\/td>\n<\/tr>\n<tr class=\"even\">\n<td class=\"sorting_1\">01\/03\/2026<\/td>\n<td>23\/03\/2026<\/td>\n<td>\u015eubat 2026 D\u00f6nemine Ait \u015eans Oyunlar\u0131 Vergisinin Beyan\u0131 ve \u00d6demesi<\/td>\n<\/tr>\n<tr class=\"odd\">\n<td class=\"sorting_1\">01\/03\/2026<\/td>\n<td>23\/03\/2026<\/td>\n<td>\u015eubat 2026 D\u00f6nemine Ait 5602 Say\u0131l\u0131 Kanunda Tan\u0131mlanan \u015eans Oyunlar\u0131yla \u0130lgili Veraset ve \u0130ntikal Vergisinin Beyan\u0131 ve \u00d6demesi<\/td>\n<\/tr>\n<tr class=\"even\">\n<td class=\"sorting_1\">01\/03\/2026<\/td>\n<td>23\/03\/2026<\/td>\n<td>\u015eubat 2026 D\u00f6nemine Ait \u0130lan ve Reklam Vergisinin Beyan\u0131 ve \u00d6demesi<\/td>\n<\/tr>\n<tr class=\"odd\">\n<td class=\"sorting_1\">01\/03\/2026<\/td>\n<td>23\/03\/2026<\/td>\n<td>\u015eubat 2026 D\u00f6nemine Ait M\u00fc\u015fterek Bahislere \u0130li\u015fkin E\u011flence Vergisinin Beyan\u0131 ve \u00d6demesi<\/td>\n<\/tr>\n<tr class=\"even\">\n<td class=\"sorting_1\">01\/03\/2026<\/td>\n<td>23\/03\/2026<\/td>\n<td>\u015eubat 2026 D\u00f6nemine Ait Di\u011fer E\u011flence Vergilerine \u0130li\u015fkin E\u011flence Vergisinin \u00d6demesi<\/td>\n<\/tr>\n<tr class=\"odd\">\n<td class=\"sorting_1\">01\/03\/2026<\/td>\n<td>25\/03\/2026<\/td>\n<td>\u015eubat 2026 D\u00f6nemine Ait Vergi Sorumlular\u0131n\u0131n Tevkif Ettikleri Katma De\u011fer Vergisinin Beyan\u0131 ve \u00d6demesi<\/td>\n<\/tr>\n<tr class=\"even\">\n<td class=\"sorting_1\">01\/03\/2026<\/td>\n<td>26\/03\/2026<\/td>\n<td>\u015eubat 2026 D\u00f6nemine Ait \u0130stihkaktan Kesinti Suretiyle Tahsil Edilen Damga Vergisinin Beyan\u0131 ve \u00d6demesi<\/td>\n<\/tr>\n<tr class=\"odd\">\n<td class=\"sorting_1\">01\/03\/2026<\/td>\n<td>26\/03\/2026<\/td>\n<td>\u015eubat 2026 D\u00f6nemine Ait S\u00fcrekli M\u00fckellefiyeti Bulunanlar \u0130\u00e7in Makbuz Kar\u015f\u0131l\u0131\u011f\u0131 \u00d6denmesi Gereken Damga Vergisinin Beyan\u0131 ve \u00d6demesi<\/td>\n<\/tr>\n<tr class=\"even\">\n<td class=\"sorting_1\">01\/03\/2026<\/td>\n<td>26\/03\/2026<\/td>\n<td>\u015eubat 2026 D\u00f6nemine Ait Konaklama Vergisinin Beyan\u0131 ve \u00d6demesi<\/td>\n<\/tr>\n<tr class=\"odd\">\n<td class=\"sorting_1\">01\/03\/2026<\/td>\n<td>30\/03\/2026<\/td>\n<td>\u015eubat 2026 D\u00f6nemine Ait Katma De\u011fer Vergisinin Beyan\u0131 ve \u00d6demesi<\/td>\n<\/tr>\n<tr class=\"even\">\n<td class=\"sorting_1\">01\/03\/2026<\/td>\n<td>31\/03\/2026<\/td>\n<td>GVK Ge\u00e7ici 67. Madde Kapsam\u0131nda \u0130htiyari Olarak Y\u0131ll\u0131k Beyannamenin Verilmesi ve 1.Taksit \u00d6demesi<\/td>\n<\/tr>\n<tr class=\"odd\">\n<td class=\"sorting_1\">01\/03\/2026<\/td>\n<td>31\/03\/2026<\/td>\n<td>\u015eubat 2026 D\u00f6nemine Ait Kurumlar Vergisi M\u00fckellefleri \u0130\u00e7in Turizm Pay\u0131n\u0131n Beyan\u0131 ve \u00d6demesi<\/td>\n<\/tr>\n<tr class=\"even\">\n<td class=\"sorting_1\">01\/03\/2026<\/td>\n<td>31\/03\/2026<\/td>\n<td>\u015eubat 2026 D\u00f6nemine Ait Haberle\u015fme Vergisinin Beyan\u0131 ve \u00d6demesi<\/td>\n<\/tr>\n<tr class=\"odd\">\n<td class=\"sorting_1\">01\/03\/2026<\/td>\n<td>31\/03\/2026<\/td>\n<td>7440 Say\u0131l\u0131 Kanun Uyar\u0131nca \u00d6denmesi Gereken 34. Taksit \u00d6demesi<\/td>\n<\/tr>\n<tr class=\"even\">\n<td class=\"sorting_1\">01\/03\/2026<\/td>\n<td>31\/03\/2026<\/td>\n<td>\u015eubat 2026 D\u00f6nemine Ait Dijital Hizmet Vergisinin Beyan\u0131 ve \u00d6demesi<\/td>\n<\/tr>\n<tr class=\"odd\">\n<td class=\"sorting_1\">01\/03\/2026<\/td>\n<td>31\/03\/2026<\/td>\n<td>2025 Y\u0131l\u0131na \u0130li\u015fkin Y\u0131ll\u0131k Gelir Vergisinin Beyan\u0131 ve 1.Taksit \u00d6demesi<\/td>\n<\/tr>\n<tr class=\"even\">\n<td class=\"sorting_1\">01\/03\/2026<\/td>\n<td>31\/03\/2026<\/td>\n<td>\u015eubat 2026 D\u00f6nemine Ait 464 S\u0131ra No.lu VUKGT Kapsam\u0131nda Bildirimde Bulunma Zorunlulu\u011fu Getirilen Arac\u0131 Hizmet Sa\u011flay\u0131c\u0131lar\u0131, \u0130nternet Reklamc\u0131l\u0131\u011f\u0131 Hizmet Arac\u0131lar\u0131 ile Kargo ve Lojistik \u0130\u015fletmeleri Taraf\u0131ndan Bildirim Verilmesi<\/td>\n<\/tr>\n<tr class=\"odd\">\n<td class=\"sorting_1\">01\/03\/2026<\/td>\n<td>31\/03\/2026<\/td>\n<td>\u015eubat 2026 D\u00f6nemine Ait 538 S\u0131ra No.lu VUKGT Kapsam\u0131nda Ta\u015f\u0131nmaz (Sat\u0131\u015f\/Kiralama) ve Motorlu Ta\u015f\u0131t (Sat\u0131\u015f) \u0130lanlar\u0131n\u0131 Platformlar\u0131 \u00dczerinden Yay\u0131mlayanlar ile G\u00fcn\u00fcbirlik Konut Kiralama \u0130\u015fini Platformlar\u0131 \u00dczerinden Sa\u011flayanlarca Bildirim Verilmesi<\/td>\n<\/tr>\n<tr class=\"even\">\n<td class=\"sorting_1\">01\/03\/2026<\/td>\n<td>01\/06\/2026<\/td>\n<td>2026 Y\u0131l\u0131 Emlak Vergisinin 1. Taksit \u00d6demesi<\/td>\n<\/tr>\n<tr class=\"odd\">\n<td class=\"sorting_1\">01\/03\/2026<\/td>\n<td>01\/06\/2026<\/td>\n<td>2026 Y\u0131l\u0131 \u00c7evre Temizlik Vergisinin 1. Taksit \u00d6demesi<\/td>\n<\/tr>\n<tr class=\"even\">\n<td class=\"sorting_1\">01\/03\/2026<\/td>\n<td>10\/06\/2026<\/td>\n<td>Ayl\u0131k Y\u00fckleme Tercihinde Bulunmu\u015f Gelir Vergisi M\u00fckelleflerinin \u015eubat 2026 D\u00f6nemine Ait Elektronik Defter Beratlar\u0131n\u0131n Y\u00fcklenmesi<\/td>\n<\/tr>\n<tr class=\"odd\">\n<td class=\"sorting_1\">01\/03\/2026<\/td>\n<td>10\/06\/2026<\/td>\n<td>Ge\u00e7ici Vergi D\u00f6nemleri Baz\u0131nda Y\u00fckleme Tercihinde Bulunmu\u015f Gelir Vergisi M\u00fckelleflerinin \u015eubat 2026 D\u00f6nemine Ait Elektronik Defter Beratlar\u0131n\u0131n Y\u00fcklenmesi<\/td>\n<\/tr>\n<tr class=\"even\">\n<td class=\"sorting_1\">01\/03\/2026<\/td>\n<td>15\/06\/2026<\/td>\n<td>Ayl\u0131k Y\u00fckleme Tercihinde Bulunmu\u015f Di\u011fer M\u00fckelleflerin \u015eubat 2026 D\u00f6nemine Ait Elektronik Defter Beratlar\u0131n\u0131n Y\u00fcklenmesi<\/td>\n<\/tr>\n<tr class=\"odd\">\n<td class=\"sorting_1\">01\/03\/2026<\/td>\n<td>15\/06\/2026<\/td>\n<td>Ge\u00e7ici Vergi D\u00f6nemleri Baz\u0131nda Y\u00fckleme Tercihinde Bulunmu\u015f Di\u011fer M\u00fckelleflerin \u015eubat 2026 D\u00f6nemine Ait Elektronik Defter Beratlar\u0131n\u0131n Y\u00fcklenmesi<\/td>\n<\/tr>\n<tr class=\"even\">\n<td class=\"sorting_1\">01\/12\/2025<\/td>\n<td>10\/03\/2026<\/td>\n<td>Ayl\u0131k Y\u00fckleme Tercihinde Bulunmu\u015f Gelir Vergisi M\u00fckelleflerinin Kas\u0131m 2025 D\u00f6nemine Ait Elektronik Defter Beratlar\u0131n\u0131n Y\u00fcklenmesi<\/td>\n<\/tr>\n<tr class=\"odd\">\n<td class=\"sorting_1\">01\/12\/2025<\/td>\n<td>16\/03\/2026<\/td>\n<td>Ayl\u0131k Y\u00fckleme Tercihinde Bulunmu\u015f Di\u011fer M\u00fckelleflerin Kas\u0131m 2025 D\u00f6nemine Ait Elektronik Defter Beratlar\u0131n\u0131n Y\u00fcklenmesi<\/td>\n<\/tr>\n<tr class=\"even\">\n<td class=\"sorting_1\">02\/03\/2026<\/td>\n<td>06\/03\/2026<\/td>\n<td>\u015eubat 2026 D\u00f6nemine Ait Noterlerce Yap\u0131lan Makbuz Kar\u015f\u0131l\u0131\u011f\u0131 \u00d6demelere Ait Beyannamenin Verilmesi ve \u00d6demesi<\/td>\n<\/tr>\n<tr class=\"odd\">\n<td class=\"sorting_1\">16\/03\/2026<\/td>\n<td>25\/03\/2026<\/td>\n<td>1-15 Mart 2026 D\u00f6nemine Ait Petrol ve Do\u011falgaz \u00dcr\u00fcnlerine \u0130li\u015fkin \u00d6zel T\u00fcketim Vergisinin Beyan\u0131 ve \u00d6demesi<\/td>\n<\/tr>\n<\/tbody>\n<\/table>\n<\/article>\n<\/div>\n","protected":false},"excerpt":{"rendered":"<p>MART 2026 VERG\u0130 TAKV\u0130M\u0130 Mart ay\u0131nda yerine getirilmesi gereken vergisel m\u00fckellefiyetlerin listesine a\u015fa\u011f\u0131daki tablo \u00fczerinden eri\u015febilirsiniz. \u0130lk Tarih Son Tarih Vergiler\/Har\u00e7lar 01\/01\/2026 02\/03\/2026 2026 Y\u0131l\u0131 De\u011ferli Konut Vergisinin 1. Taksit \u00d6demesi 01\/02\/2026 02\/03\/2026 Ocak 2026 D\u00f6nemine Ait Katma De\u011fer Vergisinin Beyan\u0131 ve \u00d6demesi 01\/02\/2026 02\/03\/2026 Ocak 2026 D\u00f6nemine Ait Kurumlar Vergisi M\u00fckellefleri \u0130\u00e7in Turizm Pay\u0131n\u0131n Beyan\u0131 ve \u00d6demesi 01\/02\/2026 02\/03\/2026 Ocak 2026 D\u00f6nemine Ait Haberle\u015fme Vergisinin Beyan\u0131 ve \u00d6demesi 01\/02\/2026 02\/03\/2026 Ocak 2026 D\u00f6nemine Ait Dijital Hizmet Vergisinin Beyan\u0131 ve \u00d6demesi 01\/02\/2026 02\/03\/2026 Ocak 2026 D\u00f6nemine Ait 464 S\u0131ra No.lu VUKGT Kapsam\u0131nda Bildirimde Bulunma Zorunlulu\u011fu Getirilen Arac\u0131 Hizmet Sa\u011flay\u0131c\u0131lar\u0131, \u0130nternet Reklamc\u0131l\u0131\u011f\u0131 Hizmet Arac\u0131lar\u0131 ile Kargo ve Lojistik \u0130\u015fletmeleri Taraf\u0131ndan Bildirim Verilmesi 01\/02\/2026 02\/03\/2026 Ocak 2026 D\u00f6nemine Ait 538 S\u0131ra No.lu VUKGT Kapsam\u0131nda Ta\u015f\u0131nmaz (Sat\u0131\u015f\/Kiralama) ve Motorlu Ta\u015f\u0131t (Sat\u0131\u015f) \u0130lanlar\u0131n\u0131 Platformlar\u0131 \u00dczerinden Yay\u0131mlayanlar ile G\u00fcn\u00fcbirlik Konut Kiralama \u0130\u015fini Platformlar\u0131 \u00dczerinden Sa\u011flayanlarca Bildirim Verilmesi 01\/02\/2026 02\/03\/2026 7440 Say\u0131l\u0131 Kanun Uyar\u0131nca \u00d6denmesi Gereken 33. Taksit \u00d6demesi 01\/03\/2026 26\/03\/2026 \u015eubat 2026 D\u00f6nemine Ait GVK 94. Madde ile KVK 15. ve 30. Maddelerine G\u00f6re Yap\u0131lan Tevkifatlar\u0131n Muhtasar ve Prim Hizmet Beyannamesi ile Beyan\u0131 ve \u00d6demesi 01\/03\/2026 10\/03\/2026 16-28 \u015eubat 2026 D\u00f6nemine Ait Petrol ve Do\u011falgaz \u00dcr\u00fcnlerine \u0130li\u015fkin \u00d6zel T\u00fcketim Vergisinin Beyan\u0131 ve \u00d6demesi 01\/03\/2026 16\/03\/2026 \u015eubat 2026 D\u00f6nemine Ait Alkoll\u00fc \u0130\u00e7ecekler, Alkols\u00fcz \u0130\u00e7ecekler, T\u00fct\u00fcn Mamulleri ve Makaronlara \u0130li\u015fkin \u00d6zel T\u00fcketim Vergisinin Beyan\u0131 ve \u00d6demesi 01\/03\/2026 16\/03\/2026 \u015eubat 2026 D\u00f6nemine Ait Dayan\u0131kl\u0131 T\u00fcketim ve Di\u011fer Mallara \u0130li\u015fkin \u00d6zel T\u00fcketim Vergisinin Beyan\u0131 ve \u00d6demesi 01\/03\/2026 16\/03\/2026 \u015eubat 2026 D\u00f6nemine Ait Motorlu Ta\u015f\u0131t Ara\u00e7lar\u0131na \u0130li\u015fkin \u00d6zel T\u00fcketim Vergisinin (Tescile Tabi Olmayanlar) Beyan\u0131 ve \u00d6demesi 01\/03\/2026 16\/03\/2026 \u015eubat 2026 D\u00f6nemine Ait \u00d6zel \u0130leti\u015fim Vergisinin Beyan\u0131 ve \u00d6demesi 01\/03\/2026 16\/03\/2026 \u015eubat 2026 D\u00f6nemine Ait Banka ve Sigorta Muameleleri Vergisinin Beyan\u0131 ve \u00d6demesi 01\/03\/2026 16\/03\/2026 \u015eubat 2026 D\u00f6nemine Ait Kaynak Kullan\u0131m\u0131n\u0131 Destekleme Fonu Kesintisi Bildirimi ve \u00d6demesi 01\/03\/2026 16\/03\/2026 \u015eubat 2026 D\u00f6nemine Ait Ticaret Sicili Har\u00e7lar\u0131 Bildirimi Verilmesi ve \u00d6demesi 01\/03\/2026 23\/03\/2026 \u015eubat 2026 D\u00f6nemine Ait Elektrik ve Havagaz\u0131 T\u00fcketim Vergisinin Beyan\u0131 ve \u00d6demesi 01\/03\/2026 23\/03\/2026 \u015eubat 2026 D\u00f6nemine Ait Yang\u0131n Sigortas\u0131 Vergisinin Beyan\u0131 ve \u00d6demesi 01\/03\/2026 23\/03\/2026 \u015eubat 2026 D\u00f6nemine Ait \u015eans Oyunlar\u0131 Vergisinin Beyan\u0131 ve \u00d6demesi 01\/03\/2026 23\/03\/2026 \u015eubat 2026 D\u00f6nemine Ait 5602 Say\u0131l\u0131 Kanunda Tan\u0131mlanan \u015eans Oyunlar\u0131yla \u0130lgili Veraset ve \u0130ntikal Vergisinin Beyan\u0131 ve \u00d6demesi 01\/03\/2026 23\/03\/2026 \u015eubat 2026 D\u00f6nemine Ait \u0130lan ve Reklam Vergisinin Beyan\u0131 ve \u00d6demesi 01\/03\/2026 23\/03\/2026 \u015eubat 2026 D\u00f6nemine Ait M\u00fc\u015fterek Bahislere \u0130li\u015fkin E\u011flence Vergisinin Beyan\u0131 ve \u00d6demesi 01\/03\/2026 23\/03\/2026 \u015eubat 2026 D\u00f6nemine Ait Di\u011fer E\u011flence Vergilerine \u0130li\u015fkin E\u011flence Vergisinin \u00d6demesi 01\/03\/2026 25\/03\/2026 \u015eubat 2026 D\u00f6nemine Ait Vergi Sorumlular\u0131n\u0131n Tevkif Ettikleri Katma De\u011fer Vergisinin Beyan\u0131 ve \u00d6demesi 01\/03\/2026 26\/03\/2026 \u015eubat 2026 D\u00f6nemine Ait \u0130stihkaktan Kesinti Suretiyle Tahsil Edilen Damga Vergisinin Beyan\u0131 ve \u00d6demesi 01\/03\/2026 26\/03\/2026 \u015eubat 2026 D\u00f6nemine Ait S\u00fcrekli M\u00fckellefiyeti Bulunanlar \u0130\u00e7in Makbuz Kar\u015f\u0131l\u0131\u011f\u0131 \u00d6denmesi Gereken Damga Vergisinin Beyan\u0131 ve \u00d6demesi 01\/03\/2026 26\/03\/2026 \u015eubat 2026 D\u00f6nemine Ait Konaklama Vergisinin Beyan\u0131 ve \u00d6demesi 01\/03\/2026 30\/03\/2026 \u015eubat 2026 D\u00f6nemine Ait Katma De\u011fer Vergisinin Beyan\u0131 ve \u00d6demesi 01\/03\/2026 31\/03\/2026 GVK Ge\u00e7ici 67. Madde Kapsam\u0131nda \u0130htiyari Olarak Y\u0131ll\u0131k Beyannamenin Verilmesi ve 1.Taksit \u00d6demesi 01\/03\/2026 31\/03\/2026 \u015eubat 2026 D\u00f6nemine Ait Kurumlar Vergisi M\u00fckellefleri \u0130\u00e7in Turizm Pay\u0131n\u0131n Beyan\u0131 ve \u00d6demesi 01\/03\/2026 31\/03\/2026 \u015eubat 2026 D\u00f6nemine Ait Haberle\u015fme Vergisinin Beyan\u0131 ve \u00d6demesi 01\/03\/2026 31\/03\/2026 7440 Say\u0131l\u0131 Kanun Uyar\u0131nca \u00d6denmesi Gereken 34. Taksit \u00d6demesi 01\/03\/2026 31\/03\/2026 \u015eubat 2026 D\u00f6nemine Ait Dijital Hizmet Vergisinin Beyan\u0131 ve \u00d6demesi 01\/03\/2026 31\/03\/2026 2025 Y\u0131l\u0131na \u0130li\u015fkin Y\u0131ll\u0131k Gelir Vergisinin Beyan\u0131 ve 1.Taksit \u00d6demesi 01\/03\/2026 31\/03\/2026 \u015eubat 2026 D\u00f6nemine Ait 464 S\u0131ra No.lu VUKGT Kapsam\u0131nda Bildirimde Bulunma Zorunlulu\u011fu Getirilen Arac\u0131 Hizmet Sa\u011flay\u0131c\u0131lar\u0131, \u0130nternet Reklamc\u0131l\u0131\u011f\u0131 Hizmet Arac\u0131lar\u0131 ile Kargo ve Lojistik \u0130\u015fletmeleri Taraf\u0131ndan Bildirim Verilmesi 01\/03\/2026 31\/03\/2026 \u015eubat 2026 D\u00f6nemine Ait 538 S\u0131ra No.lu VUKGT Kapsam\u0131nda Ta\u015f\u0131nmaz (Sat\u0131\u015f\/Kiralama) ve Motorlu Ta\u015f\u0131t (Sat\u0131\u015f) \u0130lanlar\u0131n\u0131 Platformlar\u0131 \u00dczerinden Yay\u0131mlayanlar ile G\u00fcn\u00fcbirlik Konut Kiralama \u0130\u015fini Platformlar\u0131 \u00dczerinden Sa\u011flayanlarca Bildirim Verilmesi 01\/03\/2026 01\/06\/2026 2026 Y\u0131l\u0131 Emlak Vergisinin 1. Taksit \u00d6demesi 01\/03\/2026 01\/06\/2026 2026 Y\u0131l\u0131 \u00c7evre Temizlik Vergisinin 1. Taksit \u00d6demesi 01\/03\/2026 10\/06\/2026 Ayl\u0131k Y\u00fckleme Tercihinde Bulunmu\u015f Gelir Vergisi M\u00fckelleflerinin \u015eubat 2026 D\u00f6nemine Ait Elektronik Defter Beratlar\u0131n\u0131n Y\u00fcklenmesi 01\/03\/2026 10\/06\/2026 Ge\u00e7ici Vergi D\u00f6nemleri Baz\u0131nda Y\u00fckleme Tercihinde Bulunmu\u015f Gelir Vergisi M\u00fckelleflerinin \u015eubat 2026 D\u00f6nemine Ait Elektronik Defter Beratlar\u0131n\u0131n Y\u00fcklenmesi 01\/03\/2026 15\/06\/2026 Ayl\u0131k Y\u00fckleme Tercihinde Bulunmu\u015f Di\u011fer M\u00fckelleflerin \u015eubat 2026 D\u00f6nemine Ait Elektronik Defter Beratlar\u0131n\u0131n Y\u00fcklenmesi 01\/03\/2026 15\/06\/2026 Ge\u00e7ici Vergi D\u00f6nemleri Baz\u0131nda Y\u00fckleme Tercihinde Bulunmu\u015f Di\u011fer M\u00fckelleflerin \u015eubat 2026 D\u00f6nemine Ait Elektronik Defter Beratlar\u0131n\u0131n Y\u00fcklenmesi 01\/12\/2025 10\/03\/2026 Ayl\u0131k Y\u00fckleme Tercihinde Bulunmu\u015f Gelir Vergisi M\u00fckelleflerinin Kas\u0131m 2025 D\u00f6nemine Ait Elektronik Defter Beratlar\u0131n\u0131n Y\u00fcklenmesi 01\/12\/2025 16\/03\/2026 Ayl\u0131k Y\u00fckleme Tercihinde Bulunmu\u015f Di\u011fer M\u00fckelleflerin Kas\u0131m 2025 D\u00f6nemine Ait Elektronik Defter Beratlar\u0131n\u0131n Y\u00fcklenmesi 02\/03\/2026 06\/03\/2026 \u015eubat 2026 D\u00f6nemine Ait Noterlerce Yap\u0131lan Makbuz Kar\u015f\u0131l\u0131\u011f\u0131 \u00d6demelere Ait Beyannamenin Verilmesi ve \u00d6demesi 16\/03\/2026 25\/03\/2026 1-15 Mart 2026 D\u00f6nemine Ait Petrol ve Do\u011falgaz \u00dcr\u00fcnlerine \u0130li\u015fkin \u00d6zel T\u00fcketim Vergisinin Beyan\u0131 ve \u00d6demesi<\/p>\n","protected":false},"author":1,"featured_media":0,"parent":0,"menu_order":20,"comment_status":"closed","ping_status":"open","template":"","meta":{"ngg_post_thumbnail":0,"_kad_post_transparent":"default","_kad_post_title":"default","_kad_post_layout":"default","_kad_post_sidebar_id":"","_kad_post_content_style":"default","_kad_post_vertical_padding":"default","_kad_post_feature":"","_kad_post_feature_position":"","_kad_post_header":false,"_kad_post_footer":false,"_kad_post_classname":"","footnotes":""},"class_list":["post-281","page","type-page","status-publish","hentry"],"_links":{"self":[{"href":"https:\/\/www.yusuftur.com.tr\/index.php\/wp-json\/wp\/v2\/pages\/281","targetHints":{"allow":["GET"]}}],"collection":[{"href":"https:\/\/www.yusuftur.com.tr\/index.php\/wp-json\/wp\/v2\/pages"}],"about":[{"href":"https:\/\/www.yusuftur.com.tr\/index.php\/wp-json\/wp\/v2\/types\/page"}],"author":[{"embeddable":true,"href":"https:\/\/www.yusuftur.com.tr\/index.php\/wp-json\/wp\/v2\/users\/1"}],"replies":[{"embeddable":true,"href":"https:\/\/www.yusuftur.com.tr\/index.php\/wp-json\/wp\/v2\/comments?post=281"}],"version-history":[{"count":25,"href":"https:\/\/www.yusuftur.com.tr\/index.php\/wp-json\/wp\/v2\/pages\/281\/revisions"}],"predecessor-version":[{"id":1180,"href":"https:\/\/www.yusuftur.com.tr\/index.php\/wp-json\/wp\/v2\/pages\/281\/revisions\/1180"}],"wp:attachment":[{"href":"https:\/\/www.yusuftur.com.tr\/index.php\/wp-json\/wp\/v2\/media?parent=281"}],"curies":[{"name":"wp","href":"https:\/\/api.w.org\/{rel}","templated":true}]}}